{"id":1103,"date":"2023-09-05T20:30:13","date_gmt":"2023-09-05T18:30:13","guid":{"rendered":"https:\/\/wrist.de\/?page_id=1103"},"modified":"2023-09-08T11:58:00","modified_gmt":"2023-09-08T09:58:00","slug":"freifunkwrist","status":"publish","type":"page","link":"https:\/\/wrist.de\/?page_id=1103","title":{"rendered":"Freifunk in Wrist"},"content":{"rendered":"\n<p>Die Gemeinde Wrist plant den Aufbau eines kostenlosen WLAN-Netzes f\u00fcr alle B\u00fcrgerinnen und B\u00fcrger. Der Sozialausschuss hat dem Projekt bereits zugestimmt.<\/p>\n\n\n\n<p>Freifunk ist ein freies, nichtkommerzielles WLAN-Netz, das von freiwilligen B\u00fcrgerinnen und B\u00fcrgern betrieben wird. Es ist nicht mit den kostenpflichtigen WLAN-Netzen von Mobilfunkanbietern oder Internetprovidern zu verwechseln.<\/p>\n\n\n\n<p>Um eine fl\u00e4chendeckende Abdeckung zu erreichen, ist die Gemeinde Wrist auf die Mitarbeit der B\u00fcrgerinnen und B\u00fcrger angewiesen. Wer einen Freifunk-Router im eigenen Zuhause oder an einem anderen \u00f6ffentlichen Ort installieren m\u00f6chte, kann sich gerne via E-Mail bei \nfreifunk@wrist.de melden.<\/p>\n\n\n\n<p><strong>Was ist Freifunk?<\/strong><\/p>\n\n\n\n<p>Freifunk ist ein gemeinn\u00fctziges Projekt, das sich zum Ziel gesetzt hat, freie WLAN-Netze f\u00fcr alle Menschen bereitzustellen. Die Netze werden von freiwilligen Helfern betrieben und sind nichtkommerziell.<\/p>\n\n\n\n<p>Freifunk ist eine gute M\u00f6glichkeit, sich mit dem Internet zu verbinden, ohne daf\u00fcr bezahlen zu m\u00fcssen. Das Netz ist auch f\u00fcr Menschen mit geringem Einkommen oder in l\u00e4ndlichen Regionen interessant.<\/p>\n\n\n\n<p>Hierzu ein Video welches es ganz gut beschreibt:<\/p>\n\n\n\n<iframe loading=\"lazy\" width=\"100%\" height=\"400\" src=\"https:\/\/www.youtube-nocookie.com\/embed\/2Z12OjnPADA\" title=\"YouTube video player\" frameborder=\"0\" allow=\"accelerometer; autoplay; clipboard-write; encrypted-media; gyroscope; picture-in-picture\" allowfullscreen=\"\"><\/iframe>\n\n\n\n<p><br>In Wrist gibt es bereits die Ersten Knoten\/Nodes\/Zugangspunkte, eine \u00dcbersicht findet man aktuell hier:<\/p>\n\n\n\n<center><iframe loading=\"lazy\" src=\"https:\/\/map.iz.freifunknord.de\/\" width=\"100%\" height=\"450\" frameborder=\"0\"><\/iframe><\/center>\n\n\n\n<p>Gro\u00dfe Karte:<a rel=\"noreferrer noopener\" href=\"https:\/\/map.iz.freifunknord.de\/\" target=\"_blank\"> https:\/\/map.iz.freifunknord.de\/<\/a><\/p>\n\n\n\n<p><strong>Wie kann ich Freifunk nutzen?<\/strong><\/p>\n\n\n\n<p>Wenn du auf dein Handy, Notebook oder sonstiges WLAN f\u00e4higes ger\u00e4t, dass WLAN \u201csteinburg.freifunk.net\u201d findest, w\u00e4hle dich gerne ein!<\/p>\n\n\n\n<p>Im Kreis Steinburg hat bereits ca. 140 Knoten\/Nodes\/Zugangspunkte hier aktuelle daten:<\/p>\n\n\n\n<center><iframe loading=\"lazy\" src=\"https:\/\/monitoring.freifunknord.de\/d-solo\/gfLSBciWz\/basic-stats?orgId=1&amp;refresh=5s&amp;var-c=ffnord-iz&amp;theme=light&amp;panelId=10\" width=\"281\" height=\"125\" frameborder=\"0\"><\/iframe>\n<iframe loading=\"lazy\" src=\"https:\/\/monitoring.freifunknord.de\/d-solo\/gfLSBciWz\/basic-stats?orgId=1&amp;refresh=5s&amp;var-c=ffnord-iz&amp;theme=light&amp;panelId=11\" width=\"281\" height=\"125\" frameborder=\"0\"><\/iframe><\/center>\n\n\n\n<p class=\"has-small-font-size\">Nodes = WLAN Router mit Freifunk Firmware<br>Clients = Eingew\u00e4hlte Ger\u00e4te (Handy, Notebook oder sonstige WLAN f\u00e4hige ger\u00e4te)<\/p>\n\n\n<div class=\"wp-block-image\">\n<figure class=\"aligncenter size-full is-resized\"><img loading=\"lazy\" decoding=\"async\" src=\"https:\/\/wrist.de\/wp-content\/uploads\/2023\/09\/Freifunk-min-711x1024-1.png\" alt=\"\" class=\"wp-image-1106\" style=\"width:333px;height:481px\" width=\"333\" height=\"481\" srcset=\"https:\/\/wrist.de\/wp-content\/uploads\/2023\/09\/Freifunk-min-711x1024-1.png 711w, https:\/\/wrist.de\/wp-content\/uploads\/2023\/09\/Freifunk-min-711x1024-1-208x300.png 208w\" sizes=\"auto, (max-width: 333px) 100vw, 333px\" \/><figcaption class=\"wp-element-caption\">Freifunk Wrist<\/figcaption><\/figure>\n<\/div>","protected":false},"excerpt":{"rendered":"<p>Die Gemeinde Wrist plant den Aufbau eines kostenlosen WLAN-Netzes f\u00fcr alle B\u00fcrgerinnen und B\u00fcrger. Der Sozialausschuss hat dem Projekt bereits zugestimmt. Freifunk ist ein freies, nichtkommerzielles WLAN-Netz, das von freiwilligen&hellip;<\/p>\n","protected":false},"author":6,"featured_media":0,"parent":0,"menu_order":0,"comment_status":"closed","ping_status":"closed","template":"page-templates\/fullwidth-page.php","meta":{"footnotes":""},"class_list":["post-1103","page","type-page","status-publish","hentry","comments-closed","no-comments"],"_links":{"self":[{"href":"https:\/\/wrist.de\/index.php?rest_route=\/wp\/v2\/pages\/1103","targetHints":{"allow":["GET"]}}],"collection":[{"href":"https:\/\/wrist.de\/index.php?rest_route=\/wp\/v2\/pages"}],"about":[{"href":"https:\/\/wrist.de\/index.php?rest_route=\/wp\/v2\/types\/page"}],"author":[{"embeddable":true,"href":"https:\/\/wrist.de\/index.php?rest_route=\/wp\/v2\/users\/6"}],"replies":[{"embeddable":true,"href":"https:\/\/wrist.de\/index.php?rest_route=%2Fwp%2Fv2%2Fcomments&post=1103"}],"version-history":[{"count":4,"href":"https:\/\/wrist.de\/index.php?rest_route=\/wp\/v2\/pages\/1103\/revisions"}],"predecessor-version":[{"id":1129,"href":"https:\/\/wrist.de\/index.php?rest_route=\/wp\/v2\/pages\/1103\/revisions\/1129"}],"wp:attachment":[{"href":"https:\/\/wrist.de\/index.php?rest_route=%2Fwp%2Fv2%2Fmedia&parent=1103"}],"curies":[{"name":"wp","href":"https:\/\/api.w.org\/{rel}","templated":true}]}}