{"id":1878,"date":"2025-06-26T13:42:42","date_gmt":"2025-06-26T11:42:42","guid":{"rendered":"https:\/\/wrist.de\/?page_id=1878"},"modified":"2025-06-30T10:40:23","modified_gmt":"2025-06-30T08:40:23","slug":"1878-2","status":"publish","type":"page","link":"https:\/\/wrist.de\/?page_id=1878","title":{"rendered":"B\u00fcrgermeister Manfred Bube stellt sich vor"},"content":{"rendered":"<div class=\"wp-block-image\">\n<figure class=\"alignleft size-large is-resized\"><img loading=\"lazy\" decoding=\"async\" width=\"859\" height=\"1024\" src=\"https:\/\/wrist.de\/wp-content\/uploads\/2025\/06\/Manfred-Bube-small-859x1024.jpg\" alt=\"\" class=\"wp-image-1880\" style=\"width:370px;height:auto\" srcset=\"https:\/\/wrist.de\/wp-content\/uploads\/2025\/06\/Manfred-Bube-small-859x1024.jpg 859w, https:\/\/wrist.de\/wp-content\/uploads\/2025\/06\/Manfred-Bube-small-252x300.jpg 252w, https:\/\/wrist.de\/wp-content\/uploads\/2025\/06\/Manfred-Bube-small-768x916.jpg 768w, https:\/\/wrist.de\/wp-content\/uploads\/2025\/06\/Manfred-Bube-small.jpg 1258w\" sizes=\"auto, (max-width: 859px) 100vw, 859px\" \/><figcaption class=\"wp-element-caption\">Foto:<a href=\"https:\/\/www.marquardt-designs.de\/\" target=\"_blank\" rel=\"noreferrer noopener\">Marquardt<\/a><\/figcaption><\/figure>\n<\/div>\n\n\n<p>Liebe B\u00fcrgerinnen und B\u00fcrger,<\/p>\n\n\n\n<p>ich freue mich, Ihnen mich vorstellen zu d\u00fcrfen. Mein Name ist Manfred Bube, und ich bin ein \u201eUr-Wrister\u201c. Geboren im Jahr 1963, bin ich in der wundersch\u00f6nen Gemeinde Wrist aufgewachsen. Nach meiner Schulzeit in Kellinghusen absolvierte ich meine Ausbildung bei der Deutschen Bundespost und arbeitete sp\u00e4ter bei der Deutschen Post AG sowie heute Vollzeit bei der Postbank Filialvertrieb AG.<\/p>\n\n\n\n<p>Seit dem Jahr 2000 lebe ich mit meiner Familie, zwei inzwischen erwachsene Kinder und meiner sch\u00f6nen Frau, im Ellernring. Wir haben die Entscheidung, hier ein Haus zu bauen, nie bereut.<\/p>\n\n\n\n<p>In meiner Freizeit engagierte ich mich zwischen 2013 und 2023 ehrenamtlich als 1. Vorsitzender beim TV Gut-Heil Wrist von 1906 e.V. Dieser Verein ist unter anderem ein wichtiger Anlaufpunkt f\u00fcr Kinder, Jugendliche und Erwachsene und leistet einen gro\u00dfen Beitrag zur Gemeindearbeit. Seit der Wahl im Jahr 2023 bin ich nun ehrenamtlicher B\u00fcrgermeister der Gemeinde. Als B\u00fcrgermeister m\u00f6chte ich aktiv dazu beitragen, das Ortsbild zu gestalten und den Fortschritt in unserer Gemeinde positiv voranzutreiben.<\/p>\n\n\n\n<p class=\"has-text-align-center\"><strong>F\u00fcr mich ist es wichtig, nicht nur zu \u201eschnacken\u201c, sondern anzupacken.<\/strong><\/p>\n\n\n\n<p>Wrist hat eine lange Geschichte und bietet viel f\u00fcr Besucherinnen und Besucher. Die alte Feldsteinkirche im Ortsteil Stellau stammt aus dem 13. Jahrhundert und ist ein beeindruckendes Zeugnis unserer Vergangenheit. Der Bau der Eisenbahnlinie von Altona nach Kiel im Jahr 1844 war ein Meilenstein in der Entwicklung unserer Gemeinde. Heute ist Wrist ein wichtiger Verkehrsknotenpunkt mit guter Anbindung nach Hamburg, Kiel, L\u00fcbeck und zur Elbwestk\u00fcste.<\/p>\n\n\n\n<p>Unsere moderne Infrastruktur umfasst eine Grundschule mit Ganztagsangeboten, Kindertagesst\u00e4tten, eine Turn- und Sporthalle, Sportpl\u00e4tze, Tennis- und Bouleanlagen sowie ein Alten- und Pflegeheim. Auch f\u00fcr die gesundheitliche Versorgung wird gesorgt.<\/p>\n\n\n\n<p>F\u00fcr Freizeitaktivit\u00e4ten gibt es zahlreiche Vereine, die Kirchengemeinde Stellau, das Missionshaus mit christlicher Versammlung, politische Parteien und eine Feuerwehr mit Jugendfeuerwehr. Das Alte Pastorat zu Stellau aus dem Jahr 1706 ist ein bedeutendes Kulturdenkmal und dient als Veranstaltungsort f\u00fcr Konzerte, Theaterauff\u00fchrungen und private Feiern. Zudem verf\u00fcgt die Gemeinde Wrist nun auch \u00fcber ein B\u00fcrgerhaus, in dem Wrister ebenfalls private Veranstaltungen feiern k\u00f6nnen.<\/p>\n\n\n\n<p>Ich lade Sie herzlich ein, Wrist zu erkunden und sich selbst ein Bild von unserer Gemeinde zu machen.<\/p>\n\n\n\n<p>Mit freundlichen Gr\u00fc\u00dfen,<\/p>\n\n\n\n<p>Manfred Bube<br>B\u00fcrgermeister der Gemeinde Wrist<\/p>\n","protected":false},"excerpt":{"rendered":"<p>Liebe B\u00fcrgerinnen und B\u00fcrger, ich freue mich, Ihnen mich vorstellen zu d\u00fcrfen. Mein Name ist Manfred Bube, und ich bin ein \u201eUr-Wrister\u201c. Geboren im Jahr 1963, bin ich in der&hellip;<\/p>\n","protected":false},"author":6,"featured_media":0,"parent":0,"menu_order":0,"comment_status":"closed","ping_status":"closed","template":"page-templates\/fullwidth-notitle-page.php","meta":{"footnotes":""},"class_list":["post-1878","page","type-page","status-publish","hentry","comments-closed","no-comments"],"_links":{"self":[{"href":"https:\/\/wrist.de\/index.php?rest_route=\/wp\/v2\/pages\/1878","targetHints":{"allow":["GET"]}}],"collection":[{"href":"https:\/\/wrist.de\/index.php?rest_route=\/wp\/v2\/pages"}],"about":[{"href":"https:\/\/wrist.de\/index.php?rest_route=\/wp\/v2\/types\/page"}],"author":[{"embeddable":true,"href":"https:\/\/wrist.de\/index.php?rest_route=\/wp\/v2\/users\/6"}],"replies":[{"embeddable":true,"href":"https:\/\/wrist.de\/index.php?rest_route=%2Fwp%2Fv2%2Fcomments&post=1878"}],"version-history":[{"count":8,"href":"https:\/\/wrist.de\/index.php?rest_route=\/wp\/v2\/pages\/1878\/revisions"}],"predecessor-version":[{"id":1931,"href":"https:\/\/wrist.de\/index.php?rest_route=\/wp\/v2\/pages\/1878\/revisions\/1931"}],"wp:attachment":[{"href":"https:\/\/wrist.de\/index.php?rest_route=%2Fwp%2Fv2%2Fmedia&parent=1878"}],"curies":[{"name":"wp","href":"https:\/\/api.w.org\/{rel}","templated":true}]}}