{"id":2091,"date":"2026-02-08T16:03:24","date_gmt":"2026-02-08T15:03:24","guid":{"rendered":"https:\/\/wrist.de\/?page_id=2091"},"modified":"2026-02-08T16:03:24","modified_gmt":"2026-02-08T15:03:24","slug":"gemeinderaeumlichkeiten-im-buerger-aerztehaus","status":"publish","type":"page","link":"https:\/\/wrist.de\/?page_id=2091","title":{"rendered":"Gemeinder\u00e4umlichkeiten im B\u00fcrger- &amp; \u00c4rztehaus"},"content":{"rendered":"\n<p><strong>Gemeinder\u00e4umlichkeiten im B\u00fcrger- &amp; \u00c4rztehaus<\/strong><br>Mit dem neuen B\u00fcrger- &amp; \u00c4rztehaus stehen unserer Gemeinde erstmals Veranstaltungsr\u00e4ume direkt in der Ortsmitte zur Verf\u00fcgung. Neben Sitzungen der Gemeindevertretung und Aussch\u00fcsse m\u00f6chten wir diese R\u00e4ume auch B\u00fcrgerinnen und B\u00fcrgern, Vereinen und Gruppen zug\u00e4nglich machen. Daf\u00fcr wurde im Herbst 2025 eine entsprechende Satzung beschlossen.<br>Im Folgenden finden Sie die wichtigsten Informationen zur Nutzung, Ausstattung und Anfrage der R\u00e4ume.<br><br><strong>Nutzung f\u00fcr Vereine, Gruppen &amp; \u00f6ffentliche Veranstaltungen<\/strong><br>Ortsans\u00e4ssige Vereine, Interessenverb\u00e4nde und Gruppen k\u00f6nnen die R\u00e4ume kostenfrei nutzen \u2013 z. B. f\u00fcr Vereinssitzungen, offene Gruppenangebote oder \u00f6ffentliche Veranstaltungen f\u00fcr Wrister B\u00fcrgerinnen und B\u00fcrger.<br>Voraussetzung ist eine pflegliche Nutzung sowie die besenreine \u00dcbergabe der R\u00e4ume. Genutzte WC-Anlagen sind ebenfalls zu reinigen.<br><br><strong>Nutzung f\u00fcr private Feiern<\/strong><br>Auch private Veranstaltungen wie Geburtstage, Taufen, Hochzeiten oder Familienfeiern sind m\u00f6glich.<br>F\u00fcr Wrister B\u00fcrgerinnen und B\u00fcrger gilt:<br>Nutzungsgeb\u00fchr: 200 \u20ac<br>Kaution: 150 \u20ac (wird bei ordnungsgem\u00e4\u00dfer R\u00fcckgabe erstattet)<br>Bitte melden Sie Ihr Interesse fr\u00fchzeitig an und informieren Sie sich vorab in der Nutzungsordnung \u00fcber m\u00f6gliche Einschr\u00e4nkungen.<br><br><strong>Raumanfrage<\/strong><br>Anfragen \u2013 privat oder \u00f6ffentlich \u2013 richten Sie bitte per E-Mail an:<br>\ud83d\udce7&nbsp;<a href=\"mailto:gemeinderaum@wrist.de\">gemeinderaum@wrist.de<\/a><br>Ihre Anfrage wird zeitnah bearbeitet, Frau Ines Wiencken meldet sich mit weiteren Details bei Ihnen.<br><br><strong>Ausstattung der R\u00e4ume<\/strong><br>Die Gemeinder\u00e4ume bestehen aus zwei kombinierbaren R\u00e4umen (teilbar durch Trennwand) mit Platz f\u00fcr bis zu 80 Personen. Tische und St\u00fchle sind vorhanden.<br>Zus\u00e4tzlich stehen u. a. zur Verf\u00fcgung:<\/p>\n\n\n\n<ul class=\"wp-block-list\">\n<li>Zwei Teek\u00fcchen mit Sp\u00fclmaschine &amp; Wasserkocher<\/li>\n\n\n\n<li>Kaffee\u00admaschinen (Zwei-Kannen oder 9-Liter)<\/li>\n\n\n\n<li>Geschirr &amp; Gl\u00e4ser (u. a. Kaffee-, Wein-, Sekt- und Schnapsgl\u00e4ser)<\/li>\n\n\n\n<li>Besteck, Schneidebretter, Messer, Korkenzieher, Scheren<\/li>\n\n\n\n<li>Thermoskannen<\/li>\n\n\n\n<li>Kinderhochst\u00fchle<\/li>\n\n\n\n<li>Drei Stehtische<\/li>\n\n\n\n<li>Vier rollbare Whiteboards<\/li>\n\n\n\n<li>Kleiderst\u00e4nder mit B\u00fcgeln<\/li>\n<\/ul>\n\n\n\n<p><strong>R\u00fcckgabe der R\u00e4ume<\/strong><br>Bitte geben Sie die R\u00e4ume besenrein zur\u00fcck (bei Bedarf feucht wischen). Genutzte WC-Anlagen sind ebenfalls zu reinigen.<\/p>\n\n\n\n<p>Besch\u00e4digungen bitten wir unverz\u00fcglich (sp\u00e4testens am Folgetage der Anmietung) zu melden, damit Reparaturen zeitnah erfolgen k\u00f6nnen. Bei nicht ordnungsgem\u00e4\u00dfer \u00dcbergabe behalten wir uns vor, Kosten von der Kaution abzuziehen.<\/p>\n","protected":false},"excerpt":{"rendered":"<p>Gemeinder\u00e4umlichkeiten im B\u00fcrger- &amp; \u00c4rztehausMit dem neuen B\u00fcrger- &amp; \u00c4rztehaus stehen unserer Gemeinde erstmals Veranstaltungsr\u00e4ume direkt in der Ortsmitte zur Verf\u00fcgung. Neben Sitzungen der Gemeindevertretung und Aussch\u00fcsse m\u00f6chten wir diese&hellip;<\/p>\n","protected":false},"author":7,"featured_media":0,"parent":0,"menu_order":0,"comment_status":"closed","ping_status":"closed","template":"","meta":{"footnotes":""},"class_list":["post-2091","page","type-page","status-publish","hentry","comments-closed","no-comments"],"_links":{"self":[{"href":"https:\/\/wrist.de\/index.php?rest_route=\/wp\/v2\/pages\/2091","targetHints":{"allow":["GET"]}}],"collection":[{"href":"https:\/\/wrist.de\/index.php?rest_route=\/wp\/v2\/pages"}],"about":[{"href":"https:\/\/wrist.de\/index.php?rest_route=\/wp\/v2\/types\/page"}],"author":[{"embeddable":true,"href":"https:\/\/wrist.de\/index.php?rest_route=\/wp\/v2\/users\/7"}],"replies":[{"embeddable":true,"href":"https:\/\/wrist.de\/index.php?rest_route=%2Fwp%2Fv2%2Fcomments&post=2091"}],"version-history":[{"count":1,"href":"https:\/\/wrist.de\/index.php?rest_route=\/wp\/v2\/pages\/2091\/revisions"}],"predecessor-version":[{"id":2092,"href":"https:\/\/wrist.de\/index.php?rest_route=\/wp\/v2\/pages\/2091\/revisions\/2092"}],"wp:attachment":[{"href":"https:\/\/wrist.de\/index.php?rest_route=%2Fwp%2Fv2%2Fmedia&parent=2091"}],"curies":[{"name":"wp","href":"https:\/\/api.w.org\/{rel}","templated":true}]}}