{"id":26,"date":"2021-08-19T20:04:10","date_gmt":"2021-08-19T18:04:10","guid":{"rendered":"https:\/\/wrist.de\/?page_id=26"},"modified":"2023-09-08T11:52:30","modified_gmt":"2023-09-08T09:52:30","slug":"grusswort","status":"publish","type":"page","link":"https:\/\/wrist.de\/?page_id=26","title":{"rendered":"Gru\u00dfwort"},"content":{"rendered":"\n<p>Liebe Besucherinnen und Besucher,<\/p>\n\n\n\n<p>herzlich willkommen in Wrist, einer Gemeinde mit langer Geschichte und viel zu bieten.<\/p>\n\n\n\n<p>Die alte Feldsteinkirche im Ortsteil Stellau aus dem Anfang des 13. Jahrhunderts ist ein eindrucksvolles Zeugnis unserer Geschichte. Sie liegt weit vom heutigen Ortskern entfernt, was darauf hindeutet, dass der Ortskern einst zwei Kilometer entfernt war.<\/p>\n\n\n\n<p>Der Bau einer Eisenbahnlinie von Altona nach Kiel im Jahr 1844 war ein wichtiger Meilenstein in der Entwicklung unserer Gemeinde. Der Bahnhof, die in Ost-West-Richtung verlaufende Bundesstra\u00dfe 206 und die nach S\u00fcden und Norden f\u00fchrenden Landesstra\u00dfen 114 und 295 machen Wrist zu einem wichtigen Verkehrsknotenpunkt in Schleswig-Holstein.<\/p>\n\n\n\n<p>Damals wie heute siedeln sich viele Pendler in Wrist an, die nun halbst\u00fcndlich den Hauptbahnhof in Hamburg und in Kiel in jeweils 40 Minuten bequem erreichen k\u00f6nnen.<\/p>\n\n\n\n<p>Heute verf\u00fcgt Wrist \u00fcber eine moderne Infrastruktur, die sowohl Einwohner als auch Besucher anzieht. Dazu geh\u00f6ren eine Grundschule mit Ganztagsangeboten, zwei Kindertagesst\u00e4tten, Turn- und Sporthalle, Sportpl\u00e4tze, Sportanlagen f\u00fcr Tennis- und Boulespieler, ein Alten- und Pflegeheim, Arztpraxis und Physiotherapie, zentral gelegene erstklassige Einkaufsm\u00f6glichkeiten mit einem Caf\u00e9 und Mittagstisch.<\/p>\n\n\n\n<p>Wrist bietet eine Vielzahl von Freizeitm\u00f6glichkeiten f\u00fcr alle Altersgruppen. Dazu geh\u00f6ren Vereine, die Kirchengemeinde Stellau, das Missionshaus mit christlicher Versammlung, politische Parteien und die W\u00e4hlergemeinschaft, eine sehr aktive Feuerwehr mit Jugendfeuerwehr und ein Kanuanleger an der Bramau.<\/p>\n\n\n\n<p>Das Alte Pastorat zu Stellau aus dem Jahr 1706 ist ein weiteres wichtiges Kulturdenkmal in Wrist. Es beherbergt eine Vielzahl von kulturellen Veranstaltungen, darunter Konzerte, Theaterauff\u00fchrungen und Ausstellungen. Das Alte Pastorat wird auch h\u00e4ufig f\u00fcr standesamtliche Trauungen und private Gesellschaften genutzt.<\/p>\n\n\n\n<p>Ich lade Sie herzlich ein, sich in Wrist umzuschauen und sich ein eigenes Bild zu machen.<\/p>\n\n\n\n<p>Ihr Manfred Bube, B\u00fcrgermeister<\/p>\n","protected":false},"excerpt":{"rendered":"<p>Liebe Besucherinnen und Besucher, herzlich willkommen in Wrist, einer Gemeinde mit langer Geschichte und viel zu bieten. Die alte Feldsteinkirche im Ortsteil Stellau aus dem Anfang des 13. Jahrhunderts ist&hellip;<\/p>\n","protected":false},"author":5,"featured_media":0,"parent":0,"menu_order":0,"comment_status":"closed","ping_status":"closed","template":"page-templates\/fullwidth-page.php","meta":{"footnotes":""},"class_list":["post-26","page","type-page","status-publish","hentry","comments-closed","no-comments"],"_links":{"self":[{"href":"https:\/\/wrist.de\/index.php?rest_route=\/wp\/v2\/pages\/26","targetHints":{"allow":["GET"]}}],"collection":[{"href":"https:\/\/wrist.de\/index.php?rest_route=\/wp\/v2\/pages"}],"about":[{"href":"https:\/\/wrist.de\/index.php?rest_route=\/wp\/v2\/types\/page"}],"author":[{"embeddable":true,"href":"https:\/\/wrist.de\/index.php?rest_route=\/wp\/v2\/users\/5"}],"replies":[{"embeddable":true,"href":"https:\/\/wrist.de\/index.php?rest_route=%2Fwp%2Fv2%2Fcomments&post=26"}],"version-history":[{"count":4,"href":"https:\/\/wrist.de\/index.php?rest_route=\/wp\/v2\/pages\/26\/revisions"}],"predecessor-version":[{"id":1085,"href":"https:\/\/wrist.de\/index.php?rest_route=\/wp\/v2\/pages\/26\/revisions\/1085"}],"wp:attachment":[{"href":"https:\/\/wrist.de\/index.php?rest_route=%2Fwp%2Fv2%2Fmedia&parent=26"}],"curies":[{"name":"wp","href":"https:\/\/api.w.org\/{rel}","templated":true}]}}