{"id":30,"date":"2021-08-19T20:05:38","date_gmt":"2021-08-19T18:05:38","guid":{"rendered":"https:\/\/wrist.de\/?page_id=30"},"modified":"2025-10-13T16:04:08","modified_gmt":"2025-10-13T14:04:08","slug":"unsere-gemeinde","status":"publish","type":"page","link":"https:\/\/wrist.de\/?page_id=30","title":{"rendered":"Unsere Gemeinde"},"content":{"rendered":"\n<p><strong>Einwohner:<\/strong> 2.438<br>\n<strong>Gemeindegr\u00f6\u00dfe:<\/strong> 1.011 ha<\/p>\n\n<p>Kreisangeh\u00f6rige Gemeinde im&nbsp;<a href=\"https:\/\/www.steinburg.de\/\" target=\"_blank\" rel=\"noreferrer noopener\">Kreis Steinburg<\/a><br>\nAmtsangeh\u00f6rige Gemeinde im&nbsp;<a href=\"https:\/\/www.amt-kellinghusen.de\/\" target=\"_blank\" rel=\"noreferrer noopener\">Amt Kellinghusen<\/a>.<\/p>\n\n<h2>Verkehr und Lage<\/h2>\n\n<p>Die Gemeinde Wrist verf\u00fcgt \u00fcber einen Bahnhof im Zentrum des Dorfes mit mindestens st\u00fcndlichen Verbindungen \u00fcber einen Regionalexpresszug u. a. nach Elmshorn, Neum\u00fcnster, Hamburg und Kiel. Dar\u00fcber hinaus verkehrt auch ein Zug der Nordbahn st\u00fcndlich vom Bahnhof Wrist \u00fcber Dauenhof, Horst, Elmshorn und Pinneberg nach Hamburg-Altona. J\u00e4hrlich steigen rund 500.000 Fahrg\u00e4ste in die Z\u00fcge ein, die in Wrist halten. Die Fahrzeit mit dem Regionalexpress zum Hamburger Hauptbahnhof betr\u00e4gt knapp 40 Minuten. Der Bahnhof wird auch von vielen Pendlern aus den umliegenden Gemeinden genutzt; es stehen ca. 240 Parkpl\u00e4tze zur Verf\u00fcgung.<\/p>\n\n<p>In der Mitte des Ortes verl\u00e4uft in Ost-West-Richtung die Bundesstra\u00dfe 206, die die St\u00e4dte L\u00fcbeck (ca. 60 km von Wrist entfernt) und unsere Kreisstadt&nbsp;<a href=\"https:\/\/www.itzehoe.de\/\" target=\"_blank\" rel=\"noreferrer noopener\">Itzehoe<\/a>&nbsp;(ca. 20 km von Wrist entfernt) verbindet. Aus dem S\u00fcden f\u00fchrt die Bundesstra\u00dfe 114 nach Wrist. Diese Stra\u00dfe stellt die Verbindung nach Elmshorn und zur A23 (Hamburg-Heide) her. Im Norden f\u00fchrt die Landesstra\u00dfe 295 von Wrist in Richtung&nbsp;<a href=\"http:\/\/www.gemeinde-brokstedt.de\/\" target=\"_blank\" rel=\"noreferrer noopener\">Brokstedt<\/a>&nbsp;und von dort ebenfalls zur Autobahn A7 in Richtung Neum\u00fcnster, Kiel und Flensburg.<\/p>\n\n<p>Die Bramau, die besonders bei Wasserwanderern beliebt ist, flie\u00dft durch das Dorf. Im westlichen Teil der Gemeinde grenzt sie an die St\u00f6r, den drittgr\u00f6\u00dften Fluss Schleswig-Holsteins mit einer L\u00e4nge von 83 km.<\/p>\n\n<p>Nachbarorte sind im Norden&nbsp;<a href=\"https:\/\/www.quarnstedt.de\/\" target=\"_blank\" rel=\"noreferrer noopener\">Quarnstedt<\/a>, im Osten&nbsp;<a href=\"http:\/\/foehrden-barl.de\/\" target=\"_blank\" rel=\"noreferrer noopener\">F\u00f6hrden Barl<\/a>&nbsp;(Kreis Segeberg), im S\u00fcden Wulfsmoor und Hingstheide (\u201eGrenzorte\u201c zum Kreis Pinneberg) und im Westen Auufer und die Stadt&nbsp;<a href=\"https:\/\/www.kellinghusen.de\/\" target=\"_blank\" rel=\"noreferrer noopener\">Kellinghusen<\/a>.<\/p>\n\n<p><strong>Ortsteile:<\/strong> Stellau, Freudental, Wittenkamp, Dammhof, Wurth, Heidrehm und Weidenhof<\/p>\n\n<h2>Politik und Verwaltung<\/h2>\n\n<p>Die Gemeindevertretung besteht aus 13 Mitgliedern (7 W\u00e4hlergemeinschaft Wrist, 6 CDU).<\/p>\n\n<p><strong>B\u00fcrgermeister:<\/strong> Manfred Bube<br>\n<strong>1. stellvertretender B\u00fcrgermeister:<\/strong> Volker Butzke<br>\n<strong>2. stellvertretender B\u00fcrgermeister:<\/strong> Manfred Nagel<\/p>\n\n<p>Der Gemeindehaushalt 2024 umfasst Auszahlungen von ca. 6,2 Millionen \u20ac.<\/p>\n\n<p>Die Verwaltung wird vom&nbsp;<a href=\"https:\/\/www.amt-kellinghusen.de\/\" target=\"_blank\" rel=\"noreferrer noopener\">Amt Kellinghusen<\/a>, 25548 Kellinghusen, Am Markt 9, Tel.: 04822 \/ 390, \u00fcbernommen. Die Gemeinde Wrist ist neben dem B\u00fcrgermeister mit zwei weiteren Mitgliedern im Amtsausschuss vertreten.<\/p>\n\n<h2>Entwicklung und Infrastruktur<\/h2>\n\n<p>Nach der LSE (L\u00e4ndliche Struktur- und Entwicklungsanalyse) f\u00fcr die Region Kellinghusen und Kellinghusen-Land wurde der Dorfentwicklungsplan umgesetzt. In diesem Rahmen wurden u. a. der Neubau der \u201eRoten Br\u00fccke\u201c \u00fcber die Bramau nach Auufer mit Finanzmitteln der EU und der Metropolregion Hamburg, der Umbau des \u201eAlten Pastorates von 1706\u201c zum neuen Gemeindezentrum der Ev.-Luth. Kirchengemeinde Stellau sowie das Wasserwanderkonzept mit einer Anlegestelle an der Bramaubr\u00fccke Bokeler Stra\u00dfe gef\u00f6rdert. Auch der Ausbau der Kernwege M\u00fchlenweg\/Wurth und Einwiese wurde aus Mitteln der Europ\u00e4ischen Union unterst\u00fctzt, ebenso wie F\u00f6rdermittel zur barrierefreien Grundschule bereitgestellt wurden.<\/p>\n\n<h2>Bildung und Kinderbetreuung<\/h2>\n\n<p>Im Ort gibt es zwei Kinderg\u00e4rten mit vier Vormittagsgruppen und je einer Ganztags- und Nachmittagsgruppe. Es k\u00f6nnen ca. 100 Kinder im Alter von drei Jahren bis zum Schuleintritt betreut werden. In beiden Einrichtungen \u2013 der Kindertagesst\u00e4tte \u201eDie Kleinen Strolche\u201c im Ortsteil Stellau und der Kindertagesst\u00e4tte \u201eWiesenkinder\u201c im Steenkamp \u2013 gibt es jeweils eine Krippengruppe mit zehn Kindern im Alter von bis zu drei Jahren. Die Kinderg\u00e4rten betreuen auch Kinder aus den Nachbargemeinden Hingstheide und Wulfsmoor.<\/p>\n\n<p>Die Gemeinde ist Tr\u00e4gerin der&nbsp;<a href=\"https:\/\/wrist.de\/2016\/01\/01\/grundschule-wrist\/\" target=\"_blank\" rel=\"noreferrer noopener\">Grundschule Wrist<\/a>&nbsp;mit Klassen vom 1. bis zum 4. Schuljahr.<br>\n<strong>Rektorin:<\/strong> Frau Gerthe.<\/p>\n\n<p>Auch die Grundschule wird von Gastsch\u00fclern aus Wulfsmoor und Hingstheide sowie seit Sommer 2013 auch aus Auufer, Wittenbergen, Breitenberg, Moordiek und Westermoor besucht. Die Schule bereichert das d\u00f6rfliche Zusammenleben u. a. durch ein Kinderfest im Sommer mit Kinderumzug, eine Adventsfeier und Projekttage. Umfangreiche Erweiterungs- und Umbauma\u00dfnahmen am und im Schulgeb\u00e4ude wurden 2005 abgeschlossen. Im Jahr 2006 folgten Sanierungsarbeiten u. a. an der Heizungsanlage, an Fenstern, T\u00fcren sowie am Sporthallenboden. 2009 wurde das Schuldach erneuert und die Grundschule energetisch saniert. Seit 2014 ist sie barrierefrei. Der Erweiterungsbau f\u00fcr die Offene Ganztagsschule in Wrist ist f\u00fcr 2026 geplant.<\/p>\n\n<p>Wrist geh\u00f6rt dem Schulverband Kellinghusen an. Wrister Kinder besuchen die&nbsp;<a rel=\"noreferrer noopener\" href=\"https:\/\/www.gms-kellinghusen.de\/\" target=\"_blank\">Gemeinschaftsschule Kellinghusen<\/a>&nbsp;mit gymnasialer Oberstufe. Gymnasiasten aus Wrist sind Gastsch\u00fcler der&nbsp;<a rel=\"noreferrer noopener\" href=\"http:\/\/www.jfs-bramstedt.de\/\" target=\"_blank\">J\u00fcrgen-Fuhlendorf-Schule Bad Bramstedt<\/a>&nbsp;bzw. der Gymnasien in Itzehoe oder Neum\u00fcnster. Einige Sch\u00fcler besuchen auch Schulen in Hohenlockstedt, Elmshorn oder Tornesch.<\/p>\n\n<p>Etwa in einem dreiw\u00f6chigen Turnus wird die Gemeinde Wrist von einem B\u00fccherbus der&nbsp;<a href=\"https:\/\/www.bz-sh.de\/\" target=\"_blank\" rel=\"noreferrer noopener\">Fahrb\u00fccherei Schleswig-Holstein<\/a>&nbsp;angefahren. Die Haltepunkte und Haltezeiten k\u00f6nnen Sie der Rubrik \u201eTermine\u201c entnehmen.<\/p>\n\n<h2>Feuerwehr und Sicherheit<\/h2>\n\n<p>Eine gemeindliche Einrichtung ist die&nbsp;<a rel=\"noreferrer noopener\" href=\"https:\/\/www.ff-wrist.de\/\" target=\"_blank\">Freiwillige Feuerwehr Wrist<\/a>&nbsp;mit etwa 50 aktiven Feuerwehrkameradinnen und -kameraden unter der Leitung des Wehrf\u00fchrers Dirk Zeiler. Zur Feuerwehr geh\u00f6ren ein Spielmannszug und eine engagierte Ehrenabteilung. Im Jahr 2005 wurde ein neues Tankl\u00f6schfahrzeug und eine neue Tragkraftspritze angeschafft. P\u00fcnktlich zum 125-j\u00e4hrigen Bestehen konnte der Feuerwehr ein neues Hilfeleistungsfahrzeug (HLF 20\/20) \u00fcbergeben werden. Das Feuerwehrger\u00e4tehaus wurde 2003 um drei Fahrzeugunterst\u00e4nde mit Nebenr\u00e4umen erweitert. Im Jahr 2007 folgten umfangreiche Sanierungsma\u00dfnahmen: Dacherneuerung, Erneuerung und Erweiterung der Sanit\u00e4ranlagen sowie der Umbau der bisherigen Fahrzeugunterst\u00e4nde zu einem Unterrichtsraum. Am 2. M\u00e4rz 2008 wurde eine Jugendfeuerwehr neu gegr\u00fcndet.<\/p>\n\n<h2>Gesundheit und Kirche<\/h2>\n\n<p>Fach\u00e4rzte in den umliegenden St\u00e4dten sind von Wrist aus auch mit \u00f6ffentlichen Verkehrsmitteln gut zu erreichen, z. B. mit der Buslinie 15 \u00fcber Kellinghusen nach Itzehoe. Krankenh\u00e4user befinden sich u. a. in Itzehoe, Elmshorn und Neum\u00fcnster.<\/p>\n\n<p>Die Ev.-Luth. Kirchengemeinde Stellau-Wrist mit der historischen Feldsteinkirche in Stellau umfasst die politischen Gemeinden Wrist, Wulfsmoor und Hingstheide.<br>\n<strong>Pastorin:<\/strong> Gritta Koetzold (Pfarramt Stellau, Tel.: 04822 \/ 5517), zugleich Vorsitzende des Kirchenvorstandes.<br>\nKirchenb\u00fcro (Dienstags 15\u201318 Uhr, Freitags 9\u201312 Uhr) Tel.: 04822 \/ 6562.<\/p>\n\n<h2>Wirtschaft und Versorgung<\/h2>\n\n<p>Es gibt ca. 120 Gewerbebetriebe. Ein gro\u00dfer Frischemarkt mit Postagentur und B\u00e4ckereifiliale versorgt nicht nur die Wrister Bev\u00f6lkerung, sondern bietet auch Einkaufsm\u00f6glichkeiten f\u00fcr die umliegenden Gemeinden.<\/p>\n\n<p>Die Versorgung mit elektrischem Strom und Gas erfolgt durch die Schleswig-Holstein Netz AG. F\u00fcr die Wasserversorgung sorgt der Wasserbeschaffungsverband Mittleres St\u00f6rgebiet in Brokstedt, Tel.: 04324 \/ 882400.<\/p>\n\n\n\n<p><\/p>\n","protected":false},"excerpt":{"rendered":"<p>Einwohner: 2.438 Gemeindegr\u00f6\u00dfe: 1.011 ha Kreisangeh\u00f6rige Gemeinde im&nbsp;Kreis Steinburg Amtsangeh\u00f6rige Gemeinde im&nbsp;Amt Kellinghusen. Verkehr und Lage Die Gemeinde Wrist verf\u00fcgt \u00fcber einen Bahnhof im Zentrum des Dorfes mit mindestens st\u00fcndlichen&hellip;<\/p>\n","protected":false},"author":5,"featured_media":0,"parent":0,"menu_order":0,"comment_status":"closed","ping_status":"closed","template":"page-templates\/fullwidth-page.php","meta":{"footnotes":""},"class_list":["post-30","page","type-page","status-publish","hentry","comments-closed","no-comments"],"_links":{"self":[{"href":"https:\/\/wrist.de\/index.php?rest_route=\/wp\/v2\/pages\/30","targetHints":{"allow":["GET"]}}],"collection":[{"href":"https:\/\/wrist.de\/index.php?rest_route=\/wp\/v2\/pages"}],"about":[{"href":"https:\/\/wrist.de\/index.php?rest_route=\/wp\/v2\/types\/page"}],"author":[{"embeddable":true,"href":"https:\/\/wrist.de\/index.php?rest_route=\/wp\/v2\/users\/5"}],"replies":[{"embeddable":true,"href":"https:\/\/wrist.de\/index.php?rest_route=%2Fwp%2Fv2%2Fcomments&post=30"}],"version-history":[{"count":10,"href":"https:\/\/wrist.de\/index.php?rest_route=\/wp\/v2\/pages\/30\/revisions"}],"predecessor-version":[{"id":2003,"href":"https:\/\/wrist.de\/index.php?rest_route=\/wp\/v2\/pages\/30\/revisions\/2003"}],"wp:attachment":[{"href":"https:\/\/wrist.de\/index.php?rest_route=%2Fwp%2Fv2%2Fmedia&parent=30"}],"curies":[{"name":"wp","href":"https:\/\/api.w.org\/{rel}","templated":true}]}}