{"id":35,"date":"2021-08-19T20:11:16","date_gmt":"2021-08-19T18:11:16","guid":{"rendered":"https:\/\/wrist.de\/?page_id=35"},"modified":"2025-02-28T16:32:52","modified_gmt":"2025-02-28T15:32:52","slug":"schulen","status":"publish","type":"page","link":"https:\/\/wrist.de\/?page_id=35","title":{"rendered":"Schulen"},"content":{"rendered":"<div class=\"wp-block-image\">\n<figure class=\"alignright size-full\"><a href=\"https:\/\/gswrist.lernnetz.de\/\" target=\"_blank\" rel=\" noreferrer noopener\"><img loading=\"lazy\" decoding=\"async\" width=\"200\" height=\"246\" src=\"https:\/\/wrist.de\/wp-content\/uploads\/2025\/02\/image-5.png\" alt=\"\" class=\"wp-image-1666\"\/><\/a><\/figure>\n<\/div>\n\n\n<p><strong>Grundschule Wrist<\/strong><\/p>\n\n\n\n<p>Die <a href=\"https:\/\/gswrist.lernnetz.de\/\" target=\"_blank\" rel=\"noreferrer noopener\">Grundschule Wrist<\/a> ist eine Gemeinschaftsschule mit den Klassen 1 bis 4. Sie ist eine offene Ganztagsschule und bietet ein umfassendes Bildungsangebot f\u00fcr Kinder im Grundschulalter.<\/p>\n\n\n\n<p><strong>Schulleitung und Sch\u00fclerschaft<\/strong><\/p>\n\n\n\n<p>Die Schulleitung der Grundschule Wrist hat Frau Gerthe. Die Schule wird von etwa 120 Sch\u00fclerinnen und Sch\u00fclern besucht, darunter auch Gastsch\u00fcler aus umliegenden Gemeinden Wulfsmoor, Westermoor, Breitenberg, Wittenbergen, Moordiek, Auufer und Hingstheide.<\/p>\n\n\n\n<p><strong>Schulleben<\/strong><\/p>\n\n\n\n<p>Die Grundschule Wrist bietet ein vielf\u00e4ltiges Schulleben, das sich am Interesse der Sch\u00fclerinnen und Sch\u00fcler orientiert. Dazu geh\u00f6ren unter anderem:<\/p>\n\n\n\n<ul class=\"wp-block-list\">\n<li>Ein zweit\u00e4giges Kinderfest im Sommer mit Kinderumzug<\/li>\n\n\n\n<li>Eine Adventsfeier<\/li>\n\n\n\n<li>Projekttage<\/li>\n<\/ul>\n\n\n\n<p><strong>Betreuung<\/strong><\/p>\n\n\n\n<p>Die Grundschule Wrist bietet eine Grundsch\u00fclerbetreuung an, die die Sch\u00fclerinnen und Sch\u00fcler w\u00e4hrend der unterrichtsfreien Zeiten am Vormittag bis 13.30 Uhr betreut.<\/p>\n\n\n\n<p><strong>Nachmittagsangebote<\/strong><\/p>\n\n\n\n<p>An f\u00fcnf Tagen in der Woche k\u00f6nnen die Sch\u00fclerinnen und Sch\u00fcler ein Mittagessen einnehmen und anschlie\u00dfend \u00fcberwiegend von Eltern ehrenamtlich angebotene Kurse bis 16.00 Uhr besuchen. Dazu geh\u00f6ren unter anderem:<\/p>\n\n\n\n<ul class=\"wp-block-list\">\n<li>Hausaufgabenbetreuung<\/li>\n\n\n\n<li>Basteln<\/li>\n\n\n\n<li>Sport<\/li>\n\n\n\n<li>Kochen<\/li>\n\n\n\n<li>Musikunterricht<\/li>\n<\/ul>\n\n\n\n<p><strong>Infrastruktur<\/strong><\/p>\n\n\n\n<p>Die Schule wurde in den letzten Jahren umfassend erweitert, umgebaut und saniert. Sie ist barrierefrei gestaltet.<\/p>\n\n\n\n<p><strong>Weiterf\u00fchrende Schulen<\/strong><\/p>\n\n\n\n<p>Wrist geh\u00f6rt dem Schulverband Kellinghusen an. Wrister Sch\u00fclerinnen und Sch\u00fcler besuchen die Gemeinschaftsschule mit gymnasialer Oberstufe in Kellinghusen und die Gemeinschaftsschule in Hohenlockstedt. Gymnasiasten aus Wrist sind Gastsch\u00fcler in Bad Bramstedt, Itzehoe, Elmshorn oder Neum\u00fcnster.<\/p>\n\n\n\n<p><strong>Volkshochschule<\/strong><\/p>\n\n\n\n<p>Die Nachbarstadt Kellinghusen betreibt eine sehr r\u00fchrige Volkshochschule mit interessanten und qualitativ hochwertigen Kursen f\u00fcr die Erwachsenenbildung.<\/p>\n","protected":false},"excerpt":{"rendered":"<p>Grundschule Wrist Die Grundschule Wrist ist eine Gemeinschaftsschule mit den Klassen 1 bis 4. Sie ist eine offene Ganztagsschule und bietet ein umfassendes Bildungsangebot f\u00fcr Kinder im Grundschulalter. Schulleitung und&hellip;<\/p>\n","protected":false},"author":5,"featured_media":1666,"parent":0,"menu_order":0,"comment_status":"closed","ping_status":"closed","template":"page-templates\/fullwidth-page.php","meta":{"footnotes":""},"class_list":["post-35","page","type-page","status-publish","has-post-thumbnail","hentry","comments-closed","no-comments"],"_links":{"self":[{"href":"https:\/\/wrist.de\/index.php?rest_route=\/wp\/v2\/pages\/35","targetHints":{"allow":["GET"]}}],"collection":[{"href":"https:\/\/wrist.de\/index.php?rest_route=\/wp\/v2\/pages"}],"about":[{"href":"https:\/\/wrist.de\/index.php?rest_route=\/wp\/v2\/types\/page"}],"author":[{"embeddable":true,"href":"https:\/\/wrist.de\/index.php?rest_route=\/wp\/v2\/users\/5"}],"replies":[{"embeddable":true,"href":"https:\/\/wrist.de\/index.php?rest_route=%2Fwp%2Fv2%2Fcomments&post=35"}],"version-history":[{"count":10,"href":"https:\/\/wrist.de\/index.php?rest_route=\/wp\/v2\/pages\/35\/revisions"}],"predecessor-version":[{"id":1672,"href":"https:\/\/wrist.de\/index.php?rest_route=\/wp\/v2\/pages\/35\/revisions\/1672"}],"wp:featuredmedia":[{"embeddable":true,"href":"https:\/\/wrist.de\/index.php?rest_route=\/wp\/v2\/media\/1666"}],"wp:attachment":[{"href":"https:\/\/wrist.de\/index.php?rest_route=%2Fwp%2Fv2%2Fmedia&parent=35"}],"curies":[{"name":"wp","href":"https:\/\/api.w.org\/{rel}","templated":true}]}}