{"id":515,"date":"2021-09-18T15:23:39","date_gmt":"2021-09-18T13:23:39","guid":{"rendered":"https:\/\/wrist.de\/?page_id=515"},"modified":"2023-09-07T09:26:22","modified_gmt":"2023-09-07T07:26:22","slug":"ortsentwicklungskonzept","status":"publish","type":"page","link":"https:\/\/wrist.de\/?page_id=515","title":{"rendered":"Ortsentwicklungskonzept"},"content":{"rendered":"\n<p>Die Gemeinde Wrist hat im Jahr 2020 das Ortsentwicklungskonzept (OEK) aus dem Jahr 2016 fortgeschrieben. Das OEK ist eine Leitlinie f\u00fcr die zuk\u00fcnftige Entwicklung der Gemeinde und fokussiert sich auf drei Schwerpunkte:<\/p>\n\n\n\n<ul class=\"wp-block-list\">\n<li><strong>Nachhaltige Gemeinde-\/Freiraumplanung:<\/strong>&nbsp;Die Gemeinde Wrist will ihre Umwelt sch\u00fctzen und die Lebensqualit\u00e4t f\u00fcr ihre Einwohnerinnen und Einwohner verbessern. <\/li>\n\n\n\n<li><strong>Aufwertung des Siedlungsbestandes:<\/strong>&nbsp;Die Gemeinde Wrist will ihren Bestand an Geb\u00e4uden und Infrastrukturen erhalten und modernisieren. <\/li>\n\n\n\n<li><strong>Grundversorgung:<\/strong>&nbsp;Die Gemeinde Wrist will ihren Einwohnerinnen und Einwohnern eine gute Versorgung mit G\u00fctern und Dienstleistungen bieten. <\/li>\n<\/ul>\n\n\n\n<p>Das OEK wurde in enger Zusammenarbeit mit interessierten B\u00fcrgerinnen und B\u00fcrgern, der Politik, der Verwaltung und einem Planungsb\u00fcro erarbeitet. Es enth\u00e4lt konkrete Handlungsempfehlungen und Ma\u00dfnahmen, die die Gemeinde in den n\u00e4chsten Jahren umsetzen kann.<\/p>\n\n\n\n<div class=\"wp-block-buttons is-layout-flex wp-block-buttons-is-layout-flex\">\n<div class=\"wp-block-button\"><a class=\"wp-block-button__link wp-element-button\" href=\"https:\/\/wrist.de\/wp-content\/uploads\/2021\/09\/Ortsentwicklungskonzept_2020_Wrist.pdf\" target=\"_blank\" rel=\"noreferrer noopener\">Ortsentwicklungskonzept 2020<\/a><\/div>\n<\/div>\n","protected":false},"excerpt":{"rendered":"<p>Die Gemeinde Wrist hat im Jahr 2020 das Ortsentwicklungskonzept (OEK) aus dem Jahr 2016 fortgeschrieben. Das OEK ist eine Leitlinie f\u00fcr die zuk\u00fcnftige Entwicklung der Gemeinde und fokussiert sich auf&hellip;<\/p>\n","protected":false},"author":5,"featured_media":0,"parent":0,"menu_order":0,"comment_status":"closed","ping_status":"closed","template":"page-templates\/fullwidth-page.php","meta":{"footnotes":""},"class_list":["post-515","page","type-page","status-publish","hentry","comments-closed","no-comments"],"_links":{"self":[{"href":"https:\/\/wrist.de\/index.php?rest_route=\/wp\/v2\/pages\/515","targetHints":{"allow":["GET"]}}],"collection":[{"href":"https:\/\/wrist.de\/index.php?rest_route=\/wp\/v2\/pages"}],"about":[{"href":"https:\/\/wrist.de\/index.php?rest_route=\/wp\/v2\/types\/page"}],"author":[{"embeddable":true,"href":"https:\/\/wrist.de\/index.php?rest_route=\/wp\/v2\/users\/5"}],"replies":[{"embeddable":true,"href":"https:\/\/wrist.de\/index.php?rest_route=%2Fwp%2Fv2%2Fcomments&post=515"}],"version-history":[{"count":9,"href":"https:\/\/wrist.de\/index.php?rest_route=\/wp\/v2\/pages\/515\/revisions"}],"predecessor-version":[{"id":1164,"href":"https:\/\/wrist.de\/index.php?rest_route=\/wp\/v2\/pages\/515\/revisions\/1164"}],"wp:attachment":[{"href":"https:\/\/wrist.de\/index.php?rest_route=%2Fwp%2Fv2%2Fmedia&parent=515"}],"curies":[{"name":"wp","href":"https:\/\/api.w.org\/{rel}","templated":true}]}}