{"id":520,"date":"2021-09-18T15:24:29","date_gmt":"2021-09-18T13:24:29","guid":{"rendered":"https:\/\/wrist.de\/?page_id=520"},"modified":"2023-09-11T09:33:06","modified_gmt":"2023-09-11T07:33:06","slug":"glasfaser-lichtschnelles-internet","status":"publish","type":"page","link":"https:\/\/wrist.de\/?page_id=520","title":{"rendered":"Glasfaser Internet"},"content":{"rendered":"\n<p>Die Gemeinde Wrist ist mit einem Glasfasernetz (<a href=\"https:\/\/de.wikipedia.org\/wiki\/Glasfasernetz#Fibre_to_the_Home\" data-type=\"link\" data-id=\"https:\/\/de.wikipedia.org\/wiki\/Glasfasernetz#Fibre_to_the_Home\">FTTH<\/a>) der SWN Stadtwerke Neum\u00fcnster versorgt. Das Glasfasernetz ist die zukunftssichere Technologie f\u00fcr das Internet, da es Daten mit Lichtgeschwindigkeit \u00fcbertr\u00e4gt. Dadurch sind aktuell Download-Geschwindigkeiten von bis zu 1.000 Mbit\/s m\u00f6glich.<\/p>\n\n\n\n<p><strong>Vorteile von Glasfaser<\/strong><\/p>\n\n\n\n<p>Glasfaser bietet gegen\u00fcber anderen Technologien wie DSL oder Kabel-Internet zahlreiche Vorteile:<\/p>\n\n\n\n<ul class=\"wp-block-list\">\n<li><strong>H\u00f6chste Geschwindigkeiten: <\/strong>Glasfaser erm\u00f6glicht Download-Geschwindigkeiten von bis zu 1.000 Mbit\/s. Das ist deutlich schneller als DSL oder Kabel-Internet.<\/li>\n\n\n\n<li><strong>Stabile Verbindung:<\/strong> Glasfaser ist sehr stabil und bietet eine konstant hohe \u00dcbertragungsgeschwindigkeit.<\/li>\n\n\n\n<li><strong>Zukunftssicher: <\/strong>Glasfaser ist die zukunftssichere Technologie f\u00fcr das Internet.<\/li>\n<\/ul>\n\n\n\n<p><br><strong>Anschluss an das Glasfasernetz<\/strong><\/p>\n\n\n\n<p>Um einen Anschluss an das Glasfasernetz zu erhalten, m\u00fcssen Sie einen Vertrag mit einem Glasfaseranbieter abschlie\u00dfen. In Wrist ist dies die SWN Stadtwerke Neum\u00fcnster.<\/p>\n\n\n\n<p><strong>Weitere Informationen<\/strong><\/p>\n\n\n\n<p>Weitere Informationen zum Glasfasernetz in Wrist finden Sie auf der Website der SWN Stadtwerke Neum\u00fcnster.<br><a rel=\"noreferrer noopener\" href=\"https:\/\/www.stadtwerke-neumuenster.de\/glasfaser\/privatkunden\/giga5-das-5-sterne-netz\" data-type=\"link\" data-id=\"https:\/\/www.stadtwerke-neumuenster.de\/glasfaser\/privatkunden\/giga5-das-5-sterne-netz\" target=\"_blank\">SWN Glasfaser<\/a><\/p>\n","protected":false},"excerpt":{"rendered":"<p>Die Gemeinde Wrist ist mit einem Glasfasernetz (FTTH) der SWN Stadtwerke Neum\u00fcnster versorgt. Das Glasfasernetz ist die zukunftssichere Technologie f\u00fcr das Internet, da es Daten mit Lichtgeschwindigkeit \u00fcbertr\u00e4gt. Dadurch sind&hellip;<\/p>\n","protected":false},"author":5,"featured_media":0,"parent":0,"menu_order":0,"comment_status":"closed","ping_status":"closed","template":"page-templates\/fullwidth-page.php","meta":{"footnotes":""},"class_list":["post-520","page","type-page","status-publish","hentry","comments-closed","no-comments"],"_links":{"self":[{"href":"https:\/\/wrist.de\/index.php?rest_route=\/wp\/v2\/pages\/520","targetHints":{"allow":["GET"]}}],"collection":[{"href":"https:\/\/wrist.de\/index.php?rest_route=\/wp\/v2\/pages"}],"about":[{"href":"https:\/\/wrist.de\/index.php?rest_route=\/wp\/v2\/types\/page"}],"author":[{"embeddable":true,"href":"https:\/\/wrist.de\/index.php?rest_route=\/wp\/v2\/users\/5"}],"replies":[{"embeddable":true,"href":"https:\/\/wrist.de\/index.php?rest_route=%2Fwp%2Fv2%2Fcomments&post=520"}],"version-history":[{"count":9,"href":"https:\/\/wrist.de\/index.php?rest_route=\/wp\/v2\/pages\/520\/revisions"}],"predecessor-version":[{"id":1213,"href":"https:\/\/wrist.de\/index.php?rest_route=\/wp\/v2\/pages\/520\/revisions\/1213"}],"wp:attachment":[{"href":"https:\/\/wrist.de\/index.php?rest_route=%2Fwp%2Fv2%2Fmedia&parent=520"}],"curies":[{"name":"wp","href":"https:\/\/api.w.org\/{rel}","templated":true}]}}