{"id":65,"date":"2021-08-19T20:29:18","date_gmt":"2021-08-19T18:29:18","guid":{"rendered":"https:\/\/wrist.de\/?page_id=65"},"modified":"2023-06-26T18:02:18","modified_gmt":"2023-06-26T16:02:18","slug":"kontakt","status":"publish","type":"page","link":"https:\/\/wrist.de\/?page_id=65","title":{"rendered":"Kontakt"},"content":{"rendered":"\n<p>Die Gemeinde Wrist steht Ihnen gerne f\u00fcr alle Ihre Fragen zur Verf\u00fcgung. Wir freuen uns an dieser Stelle \u00fcber Ihre Anregungen, Ideen und sinnvolle Kritik und sind auf eine zeitnahe Bearbeitung Ihres Anliegens bedacht.<\/p>\n\n\n<div class=\"wpforms-container wpforms-block\" id=\"wpforms-64\"><form id=\"wpforms-form-64\" class=\"wpforms-validate wpforms-form wpforms-ajax-form\" data-formid=\"64\" method=\"post\" enctype=\"multipart\/form-data\" action=\"\/index.php?rest_route=%2Fwp%2Fv2%2Fpages%2F65\" data-token=\"0c7fc6c4397cbd63ac5451a76b9ea779\"><noscript class=\"wpforms-error-noscript\">Bitte aktiviere JavaScript in deinem Browser, um dieses Formular fertigzustellen.<\/noscript><div class=\"wpforms-field-container\"><div id=\"wpforms-64-field_12-container\" class=\"wpforms-field wpforms-field-select wpforms-conditional-trigger wpforms-field-select-style-classic\" data-field-id=\"12\"><label class=\"wpforms-field-label\" for=\"wpforms-64-field_12\">Kategorie<\/label><select id=\"wpforms-64-field_12\" class=\"wpforms-field-large\" name=\"wpforms[fields][12]\"><option value=\"Allgemeines\"  selected='selected'>Allgemeines<\/option><option value=\"Stra\u00dfenbeleuchtung\" >Stra\u00dfenbeleuchtung<\/option><option value=\"Licht- und Signalanlagen\" >Licht- und Signalanlagen<\/option><option value=\"Stra\u00dfensch\u00e4den\" >Stra\u00dfensch\u00e4den<\/option><option value=\"M\u00fcll\" >M\u00fcll<\/option><option value=\"L\u00e4rm\" >L\u00e4rm<\/option><option value=\"Vandalismus\" >Vandalismus<\/option><\/select><\/div><div id=\"wpforms-64-field_2-container\" class=\"wpforms-field wpforms-field-textarea\" data-field-id=\"2\"><label class=\"wpforms-field-label\" for=\"wpforms-64-field_2\">Ihr Anliegen <span class=\"wpforms-required-label\">*<\/span><\/label><textarea id=\"wpforms-64-field_2\" class=\"wpforms-field-large wpforms-field-required wpforms-limit-characters-enabled\" data-form-id=\"64\" data-field-id=\"2\" data-text-limit=\"4000\" name=\"wpforms[fields][2]\" placeholder=\"Nachricht\" maxlength=\"4000\" required><\/textarea><\/div><div id=\"wpforms-64-field_14-container\" class=\"wpforms-field wpforms-field-divider\" data-field-id=\"14\"><h3 id=\"wpforms-64-field_14\" name=\"wpforms[fields][14]\">Ihre Kontaktdaten<\/h3><\/div><div id=\"wpforms-64-field_21-container\" class=\"wpforms-field wpforms-field-layout\" data-field-id=\"21\"><label class=\"wpforms-field-label wpforms-label-hide\" for=\"wpforms-64-field_21\">Layout<\/label><div class=\"wpforms-field-layout-columns wpforms-field-layout-preset-50-50\"><div class=\"wpforms-layout-column wpforms-layout-column-50\"><div id=\"wpforms-64-field_22-container\" class=\"wpforms-field wpforms-field-text\" data-field-id=\"22\"><label class=\"wpforms-field-label\" for=\"wpforms-64-field_22\">Ihr Vorname <span class=\"wpforms-required-label\">*<\/span><\/label><input type=\"text\" id=\"wpforms-64-field_22\" class=\"wpforms-field-medium wpforms-field-required\" name=\"wpforms[fields][22]\" placeholder=\"Vorname\" required><\/div><\/div><div class=\"wpforms-layout-column wpforms-layout-column-50\"><div id=\"wpforms-64-field_23-container\" class=\"wpforms-field wpforms-field-text\" data-field-id=\"23\"><label class=\"wpforms-field-label\" for=\"wpforms-64-field_23\">Ihr Nachname <span class=\"wpforms-required-label\">*<\/span><\/label><input type=\"text\" id=\"wpforms-64-field_23\" class=\"wpforms-field-medium wpforms-field-required\" name=\"wpforms[fields][23]\" placeholder=\"Nachname\" required><\/div><\/div><\/div><\/div><div id=\"wpforms-64-field_15-container\" class=\"wpforms-field wpforms-field-layout\" data-field-id=\"15\"><label class=\"wpforms-field-label wpforms-label-hide\" for=\"wpforms-64-field_15\">Layout<\/label><div class=\"wpforms-field-layout-columns wpforms-field-layout-preset-50-50\"><div class=\"wpforms-layout-column wpforms-layout-column-50\"><div id=\"wpforms-64-field_1-container\" class=\"wpforms-field wpforms-field-email\" data-field-id=\"1\"><label class=\"wpforms-field-label\" for=\"wpforms-64-field_1\">Ihre E-Mail-Adresse <span class=\"wpforms-required-label\">*<\/span><\/label><input type=\"email\" id=\"wpforms-64-field_1\" class=\"wpforms-field-medium wpforms-field-required\" name=\"wpforms[fields][1]\" placeholder=\"E-Mail-Adresse\" spellcheck=\"false\" required><\/div><\/div><div class=\"wpforms-layout-column wpforms-layout-column-50\"><div id=\"wpforms-64-field_3-container\" class=\"wpforms-field wpforms-field-text\" data-field-id=\"3\"><label class=\"wpforms-field-label\" for=\"wpforms-64-field_3\">Ihre Telefonnummer<\/label><input type=\"text\" id=\"wpforms-64-field_3\" class=\"wpforms-field-medium\" name=\"wpforms[fields][3]\" placeholder=\"Telefonnummer\" ><\/div><\/div><\/div><\/div><div id=\"wpforms-64-field_16-container\" class=\"wpforms-field wpforms-field-text wpforms-conditional-field wpforms-conditional-show\" data-field-id=\"16\" style=\"display:none;\"><label class=\"wpforms-field-label\" for=\"wpforms-64-field_16\">Stra\u00dfe<\/label><input type=\"text\" id=\"wpforms-64-field_16\" class=\"wpforms-field-large\" name=\"wpforms[fields][16]\" placeholder=\"Stra\u00dfe\" ><\/div><div id=\"wpforms-64-field_17-container\" class=\"wpforms-field wpforms-field-layout\" data-field-id=\"17\"><label class=\"wpforms-field-label wpforms-label-hide\" for=\"wpforms-64-field_17\">Layout<\/label><div class=\"wpforms-field-layout-columns wpforms-field-layout-preset-50-50\"><div class=\"wpforms-layout-column wpforms-layout-column-50\"><div id=\"wpforms-64-field_18-container\" class=\"wpforms-field wpforms-field-text wpforms-conditional-field wpforms-conditional-show\" data-field-id=\"18\" style=\"display:none;\"><label class=\"wpforms-field-label\" for=\"wpforms-64-field_18\">Ihr Wohnort<\/label><input type=\"text\" id=\"wpforms-64-field_18\" class=\"wpforms-field-medium\" name=\"wpforms[fields][18]\" placeholder=\"Wrist\" ><\/div><\/div><div class=\"wpforms-layout-column wpforms-layout-column-50\"><div id=\"wpforms-64-field_19-container\" class=\"wpforms-field wpforms-field-text wpforms-conditional-field wpforms-conditional-show\" data-field-id=\"19\" style=\"display:none;\"><label class=\"wpforms-field-label\" for=\"wpforms-64-field_19\">Ihre Postleitzahl<\/label><input type=\"text\" id=\"wpforms-64-field_19\" class=\"wpforms-field-medium\" name=\"wpforms[fields][19]\" placeholder=\"25563\" ><\/div><\/div><\/div><\/div><div id=\"wpforms-64-field_20-container\" class=\"wpforms-field wpforms-field-divider\" data-field-id=\"20\"><h3 id=\"wpforms-64-field_20\" name=\"wpforms[fields][20]\">Sind alle Angaben korrekt?<\/h3><\/div><div id=\"wpforms-64-field_7-container\" class=\"wpforms-field wpforms-field-gdpr-checkbox\" data-field-id=\"7\"><label class=\"wpforms-field-label\" for=\"wpforms-64-field_7\">Datenschutz\u00aderkl\u00e4rung <span class=\"wpforms-required-label\">*<\/span><\/label><ul id=\"wpforms-64-field_7\" class=\"wpforms-field-required\"><li class=\"choice-1\"><input type=\"checkbox\" id=\"wpforms-64-field_7_1\" name=\"wpforms[fields][7][]\" value=\"Ich habe die Datenschutzerkl\u00e4rung gelesen und bin damit einverstanden.\" required ><label class=\"wpforms-field-label-inline\" for=\"wpforms-64-field_7_1\">Ich habe die Datenschutzerkl\u00e4rung gelesen und bin damit einverstanden.<\/label><\/li><\/ul><\/div><\/div><!-- .wpforms-field-container --><input type=\"hidden\" name=\"wpforms[recaptcha]\" value=\"\"><div class=\"wpforms-submit-container\" ><input type=\"hidden\" name=\"wpforms[id]\" value=\"64\"><input type=\"hidden\" name=\"wpforms[author]\" value=\"5\"><button type=\"submit\" name=\"wpforms[submit]\" id=\"wpforms-submit-64\" class=\"wpforms-submit\" data-alt-text=\"Senden...\" data-submit-text=\"Absenden\" aria-live=\"assertive\" value=\"wpforms-submit\">Absenden<\/button><img loading=\"lazy\" decoding=\"async\" src=\"https:\/\/wrist.de\/wp-content\/plugins\/wpforms\/assets\/images\/submit-spin.svg\" class=\"wpforms-submit-spinner\" style=\"display: none;\" width=\"26\" height=\"26\" alt=\"Wird geladen\"><\/div><\/form><\/div>  <!-- .wpforms-container -->\n\n\n<p class=\"has-small-font-size\"><strong>Pflichtfelder sind mit * gekennzeichnet.<\/strong><\/p>\n\n\n\n<div style=\"height:100px\" aria-hidden=\"true\" class=\"wp-block-spacer\"><\/div>\n\n\n\n<p class=\"has-text-color has-background has-small-font-size\" style=\"color:#7f7f7f;background-color:#f2f2f2\">Die personenbezogenen Daten, die Sie uns im Rahmen dieses Formulars zur Verf\u00fcgung stellen, werden nur f\u00fcr die Beantwortung Ihrer Anfrage bzw. Kontaktaufnahme und f\u00fcr die damit verbundene technische Administration verwendet. Die Weitergabe an Dritte findet nicht statt.<br><br>Sie haben jederzeit das Recht auf unentgeltliche Auskunft \u00fcber Ihre gespeicherten personenbezogenen Daten, deren Herkunft und Empf\u00e4nger und den Zweck der Datenverarbeitung sowie ein Recht auf Berichtigung, Sperrung oder L\u00f6schung dieser Daten.<br><br>Wir werden personenbezogene Daten ohne Ihre Zustimmung nicht an Dritte weiterleiten, die keine Partner (Webseitenprogrammierer, Hoster der Server) sind, es sei denn wir sind aufgrund zwingender gesetzlicher Vorschriften zu einer Herausgabe gezwungen. Es erfolgt keine Weitergabe personenbezogener Daten an Dritte zu Werbezwecken.<br><br>Weitere Informationen zum Datenschutz und zum Umgang mit personenbezogenen Daten finden Sie in der allgemeinen\u00a0<a rel=\"noreferrer noopener\" href=\"https:\/\/wrist.de\/privacy-policy\/\" target=\"_blank\">Datenschutzerkl\u00e4rung<\/a>\u00a0dieser Website.<\/p>\n","protected":false},"excerpt":{"rendered":"<p>Die Gemeinde Wrist steht Ihnen gerne f\u00fcr alle Ihre Fragen zur Verf\u00fcgung. Wir freuen uns an dieser Stelle \u00fcber Ihre Anregungen, Ideen und sinnvolle Kritik und sind auf eine zeitnahe&hellip;<\/p>\n","protected":false},"author":5,"featured_media":0,"parent":0,"menu_order":0,"comment_status":"closed","ping_status":"closed","template":"page-templates\/fullwidth-page.php","meta":{"footnotes":""},"class_list":["post-65","page","type-page","status-publish","hentry","comments-closed","no-comments"],"_links":{"self":[{"href":"https:\/\/wrist.de\/index.php?rest_route=\/wp\/v2\/pages\/65","targetHints":{"allow":["GET"]}}],"collection":[{"href":"https:\/\/wrist.de\/index.php?rest_route=\/wp\/v2\/pages"}],"about":[{"href":"https:\/\/wrist.de\/index.php?rest_route=\/wp\/v2\/types\/page"}],"author":[{"embeddable":true,"href":"https:\/\/wrist.de\/index.php?rest_route=\/wp\/v2\/users\/5"}],"replies":[{"embeddable":true,"href":"https:\/\/wrist.de\/index.php?rest_route=%2Fwp%2Fv2%2Fcomments&post=65"}],"version-history":[{"count":8,"href":"https:\/\/wrist.de\/index.php?rest_route=\/wp\/v2\/pages\/65\/revisions"}],"predecessor-version":[{"id":916,"href":"https:\/\/wrist.de\/index.php?rest_route=\/wp\/v2\/pages\/65\/revisions\/916"}],"wp:attachment":[{"href":"https:\/\/wrist.de\/index.php?rest_route=%2Fwp%2Fv2%2Fmedia&parent=65"}],"curies":[{"name":"wp","href":"https:\/\/api.w.org\/{rel}","templated":true}]}}