{"id":78,"date":"2021-08-20T17:38:50","date_gmt":"2021-08-20T15:38:50","guid":{"rendered":"https:\/\/wrist.de\/?page_id=78"},"modified":"2025-10-13T15:54:07","modified_gmt":"2025-10-13T13:54:07","slug":"aerzte-und-praxen","status":"publish","type":"page","link":"https:\/\/wrist.de\/?page_id=78","title":{"rendered":"Gesundheitliche Versorgung"},"content":{"rendered":"\n<h3 class=\"wp-block-heading\">Physiotherapiepraxen in Wrist<\/h3>\n\n\n\n<p>In Wrist stehen den B\u00fcrgerinnen und B\u00fcrgern derzeit zwei Physiotherapiepraxen zur Verf\u00fcgung:<\/p>\n\n\n\n<p><strong>PhysioTeam am Sportplatz Konopka &amp; Dethlefs<\/strong><br>im neuen Arzt- und B\u00fcrgerhaus der Gemeinde Wrist,<br>Am Sportplatz 3b, 25563 Wrist<br>Telefon: 04822 \/ 368768<\/p>\n\n\n\n<p><strong>Physiotherapie Klingebiel und Hensen<\/strong><br>Hauptstra\u00dfe 11, 25563 Wrist<br>Telefon: 04822 \/ 360760<\/p>\n\n\n\n<h3 class=\"wp-block-heading\">\u00c4rztliche Versorgung in Wrist<\/h3>\n\n\n\n<p>Die neue Arztpraxis im Arzt- und B\u00fcrgerhaus ist derzeit noch unbesetzt.<br>Die Suche nach einer passenden \u00c4rztin oder einem passenden Arzt l\u00e4uft.<\/p>\n","protected":false},"excerpt":{"rendered":"<p>Physiotherapiepraxen in Wrist In Wrist stehen den B\u00fcrgerinnen und B\u00fcrgern derzeit zwei Physiotherapiepraxen zur Verf\u00fcgung: PhysioTeam am Sportplatz Konopka &amp; Dethlefsim neuen Arzt- und B\u00fcrgerhaus der Gemeinde Wrist,Am Sportplatz 3b,&hellip;<\/p>\n","protected":false},"author":5,"featured_media":0,"parent":0,"menu_order":0,"comment_status":"closed","ping_status":"closed","template":"page-templates\/fullwidth-page.php","meta":{"footnotes":""},"class_list":["post-78","page","type-page","status-publish","hentry","comments-closed","no-comments"],"_links":{"self":[{"href":"https:\/\/wrist.de\/index.php?rest_route=\/wp\/v2\/pages\/78","targetHints":{"allow":["GET"]}}],"collection":[{"href":"https:\/\/wrist.de\/index.php?rest_route=\/wp\/v2\/pages"}],"about":[{"href":"https:\/\/wrist.de\/index.php?rest_route=\/wp\/v2\/types\/page"}],"author":[{"embeddable":true,"href":"https:\/\/wrist.de\/index.php?rest_route=\/wp\/v2\/users\/5"}],"replies":[{"embeddable":true,"href":"https:\/\/wrist.de\/index.php?rest_route=%2Fwp%2Fv2%2Fcomments&post=78"}],"version-history":[{"count":8,"href":"https:\/\/wrist.de\/index.php?rest_route=\/wp\/v2\/pages\/78\/revisions"}],"predecessor-version":[{"id":1999,"href":"https:\/\/wrist.de\/index.php?rest_route=\/wp\/v2\/pages\/78\/revisions\/1999"}],"wp:attachment":[{"href":"https:\/\/wrist.de\/index.php?rest_route=%2Fwp%2Fv2%2Fmedia&parent=78"}],"curies":[{"name":"wp","href":"https:\/\/api.w.org\/{rel}","templated":true}]}}