{"id":83,"date":"2021-08-20T17:40:19","date_gmt":"2021-08-20T15:40:19","guid":{"rendered":"https:\/\/wrist.de\/?page_id=83"},"modified":"2026-04-17T16:39:10","modified_gmt":"2026-04-17T14:39:10","slug":"vereine","status":"publish","type":"page","link":"https:\/\/wrist.de\/?page_id=83","title":{"rendered":"Vereine"},"content":{"rendered":"\n<h4 class=\"wp-block-heading\">Angelsportverein Wrist e.V.<\/h4>\n\n\n\n<p>Vorsitzender: Herr Kruse<br>Adresse: L\u00fcnkenstieg 2, 25563 Wrist<br>Telefon: 04822 5566<\/p>\n\n\n\n<p><\/p>\n\n\n\n<h4 class=\"wp-block-heading\">DRK Ortsverein Wrist<\/h4>\n\n\n\n<p>Vorsitzender: Herr Siegismund<br>Adresse: F\u00f6hrdener Stra\u00dfe 47, 25563 Wrist<br>Telefon: 04822 6645<\/p>\n\n\n\n<p><\/p>\n\n\n\n<h4 class=\"wp-block-heading\">F\u00f6rderverein der Grundschule Wrist e.V.<\/h4>\n\n\n\n<p>Vorsitzender: Herr Zessin<br>Adresse: Breslauer Stra\u00dfe 3, 25563 Wrist<br>Telefon: 04822 9400<br>E-Mail: vorsitzender@foerderverein-gs-wrist.de<br>Webseite: <a rel=\"noreferrer noopener\" href=\"https:\/\/www.foerderverein-gs-wrist.de\/\" data-type=\"link\" data-id=\"https:\/\/www.foerderverein-gs-wrist.de\/\" target=\"_blank\">foerderverein-gs-wrist.de<\/a><\/p>\n\n\n\n<p><\/p>\n\n\n\n<h4 class=\"wp-block-heading\">Jagdgemeinschaft Stellau<\/h4>\n\n\n\n<p>Vorsitzender: Herr Kehl<br>Adresse: Dammhof, 25563 Wrist<br>Telefon: 04822 7683<\/p>\n\n\n\n<p><\/p>\n\n\n\n<h4 class=\"wp-block-heading\">Kegelsportverein Wrist von 1971 e.V.<\/h4>\n\n\n\n<p>Vorsitzender: Herr Eggers<br>Adresse: Asternweg 16, 25548 Kellinghusen<br>Telefon: 04822 3655813<\/p>\n\n\n\n<p><\/p>\n\n\n\n<h4 class=\"wp-block-heading\">Kleing\u00e4rtnerverein Wrist e.V.<\/h4>\n\n\n\n<p>Vorsitzende:  Frau Liebig-Hagemeister<br>Adresse: Hauptstra\u00dfe 7, 25563 Wrist<\/p>\n\n\n\n<p><\/p>\n\n\n\n<h4 class=\"wp-block-heading\">Kyffhaeuser Kellinghusen e.V.<\/h4>\n\n\n\n<p>Vorsitzender: Herr Goeritz<br>Adresse: Lerchenweg 5, 25563 Wrist<br>Telefon: 04822 4083<\/p>\n\n\n\n<p><\/p>\n\n\n\n<h4 class=\"wp-block-heading\">Liedertafel &#8222;Freundschaftsbund&#8220; Wrist von 1865 e.V.<\/h4>\n\n\n\n<p>Adresse: Stettiner Str. 7, 25563 Wrist<\/p>\n\n\n\n<p><\/p>\n\n\n\n<h4 class=\"wp-block-heading\">Mecklenburg-brandenburgischer Ballonsportverein e.V.<\/h4>\n\n\n\n<p>Vorsitzender: Herr Spies<br>Adresse: Ellernring 38, 25563 Wrist<br>Handy: 0175 9127745<\/p>\n\n\n\n<p><\/p>\n\n\n\n<h4 class=\"wp-block-heading\">Ortsbauernverband Wrist<\/h4>\n\n\n\n<p>Vorsitzender: Herr Frenzen<br>Adresse: Heidrehm 2, 25563 Wrist<br>Telefon: 04822 6280<\/p>\n\n\n\n<p><\/p>\n\n\n\n<h4 class=\"wp-block-heading\">Pfadfinder Wrist \/ Stamm Kranich<\/h4>\n\n\n\n<p>Vorsitzender: Herr Schunck<br>Adresse: Am Sportplatz 7, 25563 Wrist<br>Telefon: 04822 3654275<\/p>\n\n\n\n<p><\/p>\n\n\n\n<h4 class=\"wp-block-heading\">Sozialverband Deutschland Ortsverband Wrist<\/h4>\n\n\n\n<p>Vorsitzender: Herr Wrage<br>Adresse: Hauptstra\u00dfe 46, 25563 Wrist<br>Telefon: 04822 7170<\/p>\n\n\n\n<p><\/p>\n\n\n\n<h4 class=\"wp-block-heading\">Turnverein Gut Heil Wrist von 1906 e.V.<\/h4>\n\n\n\n<p>Vorsitzender: Herr Elsner<br>Adresse: Freudental 24, 25563 Wrist<br>Webseite: <a href=\"https:\/\/www.tv-gh-wrist.de\/\" target=\"_blank\" rel=\"noreferrer noopener\">tv-gh-wrist.de<\/a><\/p>\n\n\n\n<p><\/p>\n\n\n\n<h4 class=\"wp-block-heading\">Verband deutscher Highland Cattle Z\u00fcchter und Halter e.V.<\/h4>\n\n\n\n<p>Vorsitzender: Herr Kruse<br>Adresse: L\u00fcnkenstieg 2, 25563 Wrist<br>Telefon: 04822 5566<\/p>\n\n\n\n<p><\/p>\n\n\n\n<h4 class=\"wp-block-heading\">Wrister-Tennis-Club e.V.<\/h4>\n\n\n\n<p>Vorsitzender: Herr Johannisson<br>Adresse: Bokeler Stra\u00dfe 5, 25563 Wrist<br>Telefon: 04822 5755<br>E-Mail: vorstand@wrister-tennis-club.de<br>Webseite: <a href=\"https:\/\/www.wrister-tennis-club.de\/\" data-type=\"link\" data-id=\"https:\/\/www.wrister-tennis-club.de\/\" target=\"_blank\" rel=\"noreferrer noopener\">wrister-tennis-club.de<\/a><\/p>\n","protected":false},"excerpt":{"rendered":"<p>Angelsportverein Wrist e.V. Vorsitzender: Herr KruseAdresse: L\u00fcnkenstieg 2, 25563 WristTelefon: 04822 5566 DRK Ortsverein Wrist Vorsitzender: Herr SiegismundAdresse: F\u00f6hrdener Stra\u00dfe 47, 25563 WristTelefon: 04822 6645 F\u00f6rderverein der Grundschule Wrist e.V.&hellip;<\/p>\n","protected":false},"author":5,"featured_media":0,"parent":0,"menu_order":0,"comment_status":"closed","ping_status":"closed","template":"page-templates\/fullwidth-page.php","meta":{"footnotes":""},"class_list":["post-83","page","type-page","status-publish","hentry","comments-closed","no-comments"],"_links":{"self":[{"href":"https:\/\/wrist.de\/index.php?rest_route=\/wp\/v2\/pages\/83","targetHints":{"allow":["GET"]}}],"collection":[{"href":"https:\/\/wrist.de\/index.php?rest_route=\/wp\/v2\/pages"}],"about":[{"href":"https:\/\/wrist.de\/index.php?rest_route=\/wp\/v2\/types\/page"}],"author":[{"embeddable":true,"href":"https:\/\/wrist.de\/index.php?rest_route=\/wp\/v2\/users\/5"}],"replies":[{"embeddable":true,"href":"https:\/\/wrist.de\/index.php?rest_route=%2Fwp%2Fv2%2Fcomments&post=83"}],"version-history":[{"count":10,"href":"https:\/\/wrist.de\/index.php?rest_route=\/wp\/v2\/pages\/83\/revisions"}],"predecessor-version":[{"id":2141,"href":"https:\/\/wrist.de\/index.php?rest_route=\/wp\/v2\/pages\/83\/revisions\/2141"}],"wp:attachment":[{"href":"https:\/\/wrist.de\/index.php?rest_route=%2Fwp%2Fv2%2Fmedia&parent=83"}],"curies":[{"name":"wp","href":"https:\/\/api.w.org\/{rel}","templated":true}]}}